{"id":12,"date":"2022-12-09T16:44:08","date_gmt":"2022-12-09T16:44:08","guid":{"rendered":"https:\/\/szmcsaladsegito.hu\/?page_id=12"},"modified":"2024-11-08T13:05:39","modified_gmt":"2024-11-08T13:05:39","slug":"kapcsolat","status":"publish","type":"page","link":"https:\/\/szmcsaladsegito.hu\/index.php\/kapcsolat\/","title":{"rendered":"Kapcsolat"},"content":{"rendered":"\n<p class=\"has-white-background-color has-background has-large-font-size\"><strong><em>SZIGETSZENTMIKL\u00d3S<\/em><\/strong><\/p>\n\n\n\n<p class=\"has-white-background-color has-background has-medium-font-size\">C\u00edm:&nbsp;2310 Szigetszentmikl\u00f3s, Gy\u00e1ri \u00fat 21.<\/p>\n\n\n\n<p class=\"has-white-background-color has-background has-medium-font-size\">Telefonsz\u00e1m:&nbsp;<strong>06-24\/443-367 \u00e9s 06-20\/404-5077 <\/strong><\/p>\n\n\n\n<p class=\"has-white-background-color has-background has-medium-font-size\">K\u00e9szenl\u00e9ti \u00fcgyelet<mark style=\"background-color:rgba(0, 0, 0, 0)\" class=\"has-inline-color has-vivid-red-color\"> <strong>munkaid\u0151n k\u00edv\u00fcl!<\/strong><\/mark>: <strong>06-20\/404-5251 <\/strong><\/p>\n\n\n\n<p class=\"has-white-background-color has-background has-medium-font-size\">E-mail:&nbsp;<a href=\"mailto:szmcsaladsegito@cssk.szszm.hu\"><strong>szmcsaladsegito@cssk.szszm.hu<\/strong><\/a><\/p>\n\n\n\n<p class=\"has-white-background-color has-background has-medium-font-size\">Honlap:<strong>&nbsp;<a href=\"http:\/\/www.szmcsaladsegito.hu\/\" target=\"_blank\" rel=\"noreferrer noopener\">http:\/\/www.szmcsaladsegito.hu\/<\/a><\/strong><\/p>\n\n\n\n<p class=\"has-white-background-color has-background has-large-font-size\"><strong><em>T\u00d6K\u00d6L<\/em><\/strong><\/p>\n\n\n\n<p class=\"has-white-background-color has-background has-medium-font-size\">C\u00edm: 2316 T\u00f6k\u00f6l Aradi \u00fat 60. <\/p>\n\n\n\n<p class=\"has-white-background-color has-background has-medium-font-size\">Telefonsz\u00e1m: <strong>06-24\/496-026 <\/strong><\/p>\n\n\n\n<p class=\"has-white-background-color has-background has-medium-font-size\">E-mail: tokolicssk@gmail.com <\/p>\n\n\n\n<p class=\"has-white-background-color has-background has-medium-font-size\">Int\u00e9zm\u00e9nyvezet\u0151: <strong>Kerekes L\u00e1szl\u00f3<\/strong><\/p>\n","protected":false},"excerpt":{"rendered":"<p>SZIGETSZENTMIKL\u00d3S C\u00edm:&nbsp;2310 Szigetszentmikl\u00f3s, Gy\u00e1ri \u00fat 21. Telefonsz\u00e1m:&nbsp;06-24\/443-367 \u00e9s 06-20\/404-5077 K\u00e9szenl\u00e9ti \u00fcgyelet munkaid\u0151n k\u00edv\u00fcl!: 06-20\/404-5251 E-mail:&nbsp;szmcsaladsegito@cssk.szszm.hu Honlap:&nbsp;http:\/\/www.szmcsaladsegito.hu\/ T\u00d6K\u00d6L C\u00edm: 2316 T\u00f6k\u00f6l Aradi \u00fat 60. Telefonsz\u00e1m: 06-24\/496-026 E-mail: tokolicssk@gmail.com Int\u00e9zm\u00e9nyvezet\u0151: Kerekes L\u00e1szl\u00f3<\/p>\n","protected":false},"author":1,"featured_media":0,"parent":0,"menu_order":0,"comment_status":"closed","ping_status":"closed","template":"","meta":{"footnotes":""},"class_list":["post-12","page","type-page","status-publish","hentry"],"yoast_head":"<!-- This site is optimized with the Yoast SEO plugin v27.5 - https:\/\/yoast.com\/product\/yoast-seo-wordpress\/ -->\n<title>Kapcsolat - Szigetszentmikl\u00f3s Csal\u00e1d- \u00e9s Gyermekj\u00f3l\u00e9ti K\u00f6zpont<\/title>\n<meta name=\"robots\" content=\"index, follow, max-snippet:-1, max-image-preview:large, max-video-preview:-1\" \/>\n<link rel=\"canonical\" href=\"https:\/\/szmcsaladsegito.hu\/index.php\/kapcsolat\/\" \/>\n<meta property=\"og:locale\" content=\"hu_HU\" \/>\n<meta property=\"og:type\" content=\"article\" \/>\n<meta property=\"og:title\" content=\"Kapcsolat - Szigetszentmikl\u00f3s Csal\u00e1d- \u00e9s Gyermekj\u00f3l\u00e9ti K\u00f6zpont\" \/>\n<meta property=\"og:description\" content=\"SZIGETSZENTMIKL\u00d3S C\u00edm:&nbsp;2310 Szigetszentmikl\u00f3s, Gy\u00e1ri \u00fat 21. Telefonsz\u00e1m:&nbsp;06-24\/443-367 \u00e9s 06-20\/404-5077 K\u00e9szenl\u00e9ti \u00fcgyelet munkaid\u0151n k\u00edv\u00fcl!: 06-20\/404-5251 E-mail:&nbsp;szmcsaladsegito@cssk.szszm.hu Honlap:&nbsp;http:\/\/www.szmcsaladsegito.hu\/ T\u00d6K\u00d6L C\u00edm: 2316 T\u00f6k\u00f6l Aradi \u00fat 60. Telefonsz\u00e1m: 06-24\/496-026 E-mail: tokolicssk@gmail.com Int\u00e9zm\u00e9nyvezet\u0151: Kerekes L\u00e1szl\u00f3\" \/>\n<meta property=\"og:url\" content=\"https:\/\/szmcsaladsegito.hu\/index.php\/kapcsolat\/\" \/>\n<meta property=\"og:site_name\" content=\"Szigetszentmikl\u00f3s Csal\u00e1d- \u00e9s Gyermekj\u00f3l\u00e9ti K\u00f6zpont\" \/>\n<meta property=\"article:modified_time\" content=\"2024-11-08T13:05:39+00:00\" \/>\n<meta name=\"twitter:card\" content=\"summary_large_image\" \/>\n<meta name=\"twitter:label1\" content=\"Becs\u00fclt olvas\u00e1si id\u0151\" \/>\n\t<meta name=\"twitter:data1\" content=\"1 perc\" \/>\n<script type=\"application\/ld+json\" class=\"yoast-schema-graph\">{\"@context\":\"https:\\\/\\\/schema.org\",\"@graph\":[{\"@type\":\"WebPage\",\"@id\":\"https:\\\/\\\/szmcsaladsegito.hu\\\/index.php\\\/kapcsolat\\\/\",\"url\":\"https:\\\/\\\/szmcsaladsegito.hu\\\/index.php\\\/kapcsolat\\\/\",\"name\":\"Kapcsolat - Szigetszentmikl\u00f3s Csal\u00e1d- \u00e9s Gyermekj\u00f3l\u00e9ti K\u00f6zpont\",\"isPartOf\":{\"@id\":\"https:\\\/\\\/szmcsaladsegito.hu\\\/#website\"},\"datePublished\":\"2022-12-09T16:44:08+00:00\",\"dateModified\":\"2024-11-08T13:05:39+00:00\",\"breadcrumb\":{\"@id\":\"https:\\\/\\\/szmcsaladsegito.hu\\\/index.php\\\/kapcsolat\\\/#breadcrumb\"},\"inLanguage\":\"hu\",\"potentialAction\":[{\"@type\":\"ReadAction\",\"target\":[\"https:\\\/\\\/szmcsaladsegito.hu\\\/index.php\\\/kapcsolat\\\/\"]}]},{\"@type\":\"BreadcrumbList\",\"@id\":\"https:\\\/\\\/szmcsaladsegito.hu\\\/index.php\\\/kapcsolat\\\/#breadcrumb\",\"itemListElement\":[{\"@type\":\"ListItem\",\"position\":1,\"name\":\"Kezd\u0151lap\",\"item\":\"https:\\\/\\\/szmcsaladsegito.hu\\\/\"},{\"@type\":\"ListItem\",\"position\":2,\"name\":\"Kapcsolat\"}]},{\"@type\":\"WebSite\",\"@id\":\"https:\\\/\\\/szmcsaladsegito.hu\\\/#website\",\"url\":\"https:\\\/\\\/szmcsaladsegito.hu\\\/\",\"name\":\"Szigetszentmikl\u00f3s Csal\u00e1d- \u00e9s Gyermekj\u00f3l\u00e9ti K\u00f6zpont\",\"description\":\"SZIGETSZENTMIKL\u00d3SI CSSK\",\"potentialAction\":[{\"@type\":\"SearchAction\",\"target\":{\"@type\":\"EntryPoint\",\"urlTemplate\":\"https:\\\/\\\/szmcsaladsegito.hu\\\/?s={search_term_string}\"},\"query-input\":{\"@type\":\"PropertyValueSpecification\",\"valueRequired\":true,\"valueName\":\"search_term_string\"}}],\"inLanguage\":\"hu\"}]}<\/script>\n<!-- \/ Yoast SEO plugin. -->","yoast_head_json":{"title":"Kapcsolat - Szigetszentmikl\u00f3s Csal\u00e1d- \u00e9s Gyermekj\u00f3l\u00e9ti K\u00f6zpont","robots":{"index":"index","follow":"follow","max-snippet":"max-snippet:-1","max-image-preview":"max-image-preview:large","max-video-preview":"max-video-preview:-1"},"canonical":"https:\/\/szmcsaladsegito.hu\/index.php\/kapcsolat\/","og_locale":"hu_HU","og_type":"article","og_title":"Kapcsolat - Szigetszentmikl\u00f3s Csal\u00e1d- \u00e9s Gyermekj\u00f3l\u00e9ti K\u00f6zpont","og_description":"SZIGETSZENTMIKL\u00d3S C\u00edm:&nbsp;2310 Szigetszentmikl\u00f3s, Gy\u00e1ri \u00fat 21. Telefonsz\u00e1m:&nbsp;06-24\/443-367 \u00e9s 06-20\/404-5077 K\u00e9szenl\u00e9ti \u00fcgyelet munkaid\u0151n k\u00edv\u00fcl!: 06-20\/404-5251 E-mail:&nbsp;szmcsaladsegito@cssk.szszm.hu Honlap:&nbsp;http:\/\/www.szmcsaladsegito.hu\/ T\u00d6K\u00d6L C\u00edm: 2316 T\u00f6k\u00f6l Aradi \u00fat 60. Telefonsz\u00e1m: 06-24\/496-026 E-mail: tokolicssk@gmail.com Int\u00e9zm\u00e9nyvezet\u0151: Kerekes L\u00e1szl\u00f3","og_url":"https:\/\/szmcsaladsegito.hu\/index.php\/kapcsolat\/","og_site_name":"Szigetszentmikl\u00f3s Csal\u00e1d- \u00e9s Gyermekj\u00f3l\u00e9ti K\u00f6zpont","article_modified_time":"2024-11-08T13:05:39+00:00","twitter_card":"summary_large_image","twitter_misc":{"Becs\u00fclt olvas\u00e1si id\u0151":"1 perc"},"schema":{"@context":"https:\/\/schema.org","@graph":[{"@type":"WebPage","@id":"https:\/\/szmcsaladsegito.hu\/index.php\/kapcsolat\/","url":"https:\/\/szmcsaladsegito.hu\/index.php\/kapcsolat\/","name":"Kapcsolat - Szigetszentmikl\u00f3s Csal\u00e1d- \u00e9s Gyermekj\u00f3l\u00e9ti K\u00f6zpont","isPartOf":{"@id":"https:\/\/szmcsaladsegito.hu\/#website"},"datePublished":"2022-12-09T16:44:08+00:00","dateModified":"2024-11-08T13:05:39+00:00","breadcrumb":{"@id":"https:\/\/szmcsaladsegito.hu\/index.php\/kapcsolat\/#breadcrumb"},"inLanguage":"hu","potentialAction":[{"@type":"ReadAction","target":["https:\/\/szmcsaladsegito.hu\/index.php\/kapcsolat\/"]}]},{"@type":"BreadcrumbList","@id":"https:\/\/szmcsaladsegito.hu\/index.php\/kapcsolat\/#breadcrumb","itemListElement":[{"@type":"ListItem","position":1,"name":"Kezd\u0151lap","item":"https:\/\/szmcsaladsegito.hu\/"},{"@type":"ListItem","position":2,"name":"Kapcsolat"}]},{"@type":"WebSite","@id":"https:\/\/szmcsaladsegito.hu\/#website","url":"https:\/\/szmcsaladsegito.hu\/","name":"Szigetszentmikl\u00f3s Csal\u00e1d- \u00e9s Gyermekj\u00f3l\u00e9ti K\u00f6zpont","description":"SZIGETSZENTMIKL\u00d3SI CSSK","potentialAction":[{"@type":"SearchAction","target":{"@type":"EntryPoint","urlTemplate":"https:\/\/szmcsaladsegito.hu\/?s={search_term_string}"},"query-input":{"@type":"PropertyValueSpecification","valueRequired":true,"valueName":"search_term_string"}}],"inLanguage":"hu"}]}},"jetpack_sharing_enabled":true,"_links":{"self":[{"href":"https:\/\/szmcsaladsegito.hu\/index.php\/wp-json\/wp\/v2\/pages\/12","targetHints":{"allow":["GET"]}}],"collection":[{"href":"https:\/\/szmcsaladsegito.hu\/index.php\/wp-json\/wp\/v2\/pages"}],"about":[{"href":"https:\/\/szmcsaladsegito.hu\/index.php\/wp-json\/wp\/v2\/types\/page"}],"author":[{"embeddable":true,"href":"https:\/\/szmcsaladsegito.hu\/index.php\/wp-json\/wp\/v2\/users\/1"}],"replies":[{"embeddable":true,"href":"https:\/\/szmcsaladsegito.hu\/index.php\/wp-json\/wp\/v2\/comments?post=12"}],"version-history":[{"count":9,"href":"https:\/\/szmcsaladsegito.hu\/index.php\/wp-json\/wp\/v2\/pages\/12\/revisions"}],"predecessor-version":[{"id":158,"href":"https:\/\/szmcsaladsegito.hu\/index.php\/wp-json\/wp\/v2\/pages\/12\/revisions\/158"}],"wp:attachment":[{"href":"https:\/\/szmcsaladsegito.hu\/index.php\/wp-json\/wp\/v2\/media?parent=12"}],"curies":[{"name":"wp","href":"https:\/\/api.w.org\/{rel}","templated":true}]}}