{"id":142,"date":"2024-11-08T11:12:46","date_gmt":"2024-11-08T11:12:46","guid":{"rendered":"https:\/\/szmcsaladsegito.hu\/?page_id=142"},"modified":"2024-11-08T13:06:33","modified_gmt":"2024-11-08T13:06:33","slug":"tajekoztatas","status":"publish","type":"page","link":"https:\/\/szmcsaladsegito.hu\/index.php\/tajekoztatas\/","title":{"rendered":"T\u00e1j\u00e9koztat\u00e1s"},"content":{"rendered":"\n<p class=\"has-white-background-color has-background\">Tisztelt Szigetszentmikl\u00f3si lakosok! T\u00e1j\u00e9koztatjuk \u00d6n\u00f6ket, hogy int\u00e9zm\u00e9ny\u00fcnk 2024.11.11-t\u0151l 2024.11.13-ig z\u00e1rva tart. Legk\u00f6zelebb 2024. 11.14-\u00e9n 12 \u00f3r\u00e1t\u00f3l lesz \u00fcgyf\u00e9lfogad\u00e1s. Meg\u00e9rt\u00e9s\u00fcket k\u00f6sz\u00f6nj\u00fck! <\/p>\n","protected":false},"excerpt":{"rendered":"<p>Tisztelt Szigetszentmikl\u00f3si lakosok! T\u00e1j\u00e9koztatjuk \u00d6n\u00f6ket, hogy int\u00e9zm\u00e9ny\u00fcnk 2024.11.11-t\u0151l 2024.11.13-ig z\u00e1rva tart. Legk\u00f6zelebb 2024. 11.14-\u00e9n 12 \u00f3r\u00e1t\u00f3l lesz \u00fcgyf\u00e9lfogad\u00e1s. Meg\u00e9rt\u00e9s\u00fcket k\u00f6sz\u00f6nj\u00fck!<\/p>\n","protected":false},"author":2,"featured_media":0,"parent":0,"menu_order":0,"comment_status":"closed","ping_status":"closed","template":"","meta":{"footnotes":""},"class_list":["post-142","page","type-page","status-publish","hentry"],"yoast_head":"<!-- This site is optimized with the Yoast SEO plugin v27.5 - https:\/\/yoast.com\/product\/yoast-seo-wordpress\/ -->\n<title>T\u00e1j\u00e9koztat\u00e1s - Szigetszentmikl\u00f3s Csal\u00e1d- \u00e9s Gyermekj\u00f3l\u00e9ti K\u00f6zpont<\/title>\n<meta name=\"description\" content=\"Tisztelt Szigetszentmikl\u00f3siak! T\u00e1j\u00e9koztatjuk \u00d6n\u00f6ket, hogy int\u00e9zm\u00e9ny\u00fcnk 2024.11.11-2024.11.13-ig z\u00e1rva tart. Meg\u00e9rt\u00e9s\u00fcket k\u00f6sz\u00f6nj\u00fck! Nyit\u00e1s: 2024.11.14-e.\" \/>\n<meta name=\"robots\" content=\"index, follow, max-snippet:-1, max-image-preview:large, max-video-preview:-1\" \/>\n<link rel=\"canonical\" href=\"https:\/\/szmcsaladsegito.hu\/index.php\/tajekoztatas\/\" \/>\n<meta property=\"og:locale\" content=\"hu_HU\" \/>\n<meta property=\"og:type\" content=\"article\" \/>\n<meta property=\"og:title\" content=\"T\u00e1j\u00e9koztat\u00e1s - Szigetszentmikl\u00f3s Csal\u00e1d- \u00e9s Gyermekj\u00f3l\u00e9ti K\u00f6zpont\" \/>\n<meta property=\"og:description\" content=\"Tisztelt Szigetszentmikl\u00f3siak! T\u00e1j\u00e9koztatjuk \u00d6n\u00f6ket, hogy int\u00e9zm\u00e9ny\u00fcnk 2024.11.11-2024.11.13-ig z\u00e1rva tart. Meg\u00e9rt\u00e9s\u00fcket k\u00f6sz\u00f6nj\u00fck! Nyit\u00e1s: 2024.11.14-e.\" \/>\n<meta property=\"og:url\" content=\"https:\/\/szmcsaladsegito.hu\/index.php\/tajekoztatas\/\" \/>\n<meta property=\"og:site_name\" content=\"Szigetszentmikl\u00f3s Csal\u00e1d- \u00e9s Gyermekj\u00f3l\u00e9ti K\u00f6zpont\" \/>\n<meta property=\"article:modified_time\" content=\"2024-11-08T13:06:33+00:00\" \/>\n<meta name=\"twitter:card\" content=\"summary_large_image\" \/>\n<meta name=\"twitter:label1\" content=\"Becs\u00fclt olvas\u00e1si id\u0151\" \/>\n\t<meta name=\"twitter:data1\" content=\"1 perc\" \/>\n<script type=\"application\/ld+json\" class=\"yoast-schema-graph\">{\"@context\":\"https:\\\/\\\/schema.org\",\"@graph\":[{\"@type\":\"WebPage\",\"@id\":\"https:\\\/\\\/szmcsaladsegito.hu\\\/index.php\\\/tajekoztatas\\\/\",\"url\":\"https:\\\/\\\/szmcsaladsegito.hu\\\/index.php\\\/tajekoztatas\\\/\",\"name\":\"T\u00e1j\u00e9koztat\u00e1s - Szigetszentmikl\u00f3s Csal\u00e1d- \u00e9s Gyermekj\u00f3l\u00e9ti K\u00f6zpont\",\"isPartOf\":{\"@id\":\"https:\\\/\\\/szmcsaladsegito.hu\\\/#website\"},\"datePublished\":\"2024-11-08T11:12:46+00:00\",\"dateModified\":\"2024-11-08T13:06:33+00:00\",\"description\":\"Tisztelt Szigetszentmikl\u00f3siak! T\u00e1j\u00e9koztatjuk \u00d6n\u00f6ket, hogy int\u00e9zm\u00e9ny\u00fcnk 2024.11.11-2024.11.13-ig z\u00e1rva tart. Meg\u00e9rt\u00e9s\u00fcket k\u00f6sz\u00f6nj\u00fck! Nyit\u00e1s: 2024.11.14-e.\",\"breadcrumb\":{\"@id\":\"https:\\\/\\\/szmcsaladsegito.hu\\\/index.php\\\/tajekoztatas\\\/#breadcrumb\"},\"inLanguage\":\"hu\",\"potentialAction\":[{\"@type\":\"ReadAction\",\"target\":[\"https:\\\/\\\/szmcsaladsegito.hu\\\/index.php\\\/tajekoztatas\\\/\"]}]},{\"@type\":\"BreadcrumbList\",\"@id\":\"https:\\\/\\\/szmcsaladsegito.hu\\\/index.php\\\/tajekoztatas\\\/#breadcrumb\",\"itemListElement\":[{\"@type\":\"ListItem\",\"position\":1,\"name\":\"Kezd\u0151lap\",\"item\":\"https:\\\/\\\/szmcsaladsegito.hu\\\/\"},{\"@type\":\"ListItem\",\"position\":2,\"name\":\"T\u00e1j\u00e9koztat\u00e1s\"}]},{\"@type\":\"WebSite\",\"@id\":\"https:\\\/\\\/szmcsaladsegito.hu\\\/#website\",\"url\":\"https:\\\/\\\/szmcsaladsegito.hu\\\/\",\"name\":\"Szigetszentmikl\u00f3s Csal\u00e1d- \u00e9s Gyermekj\u00f3l\u00e9ti K\u00f6zpont\",\"description\":\"SZIGETSZENTMIKL\u00d3SI CSSK\",\"potentialAction\":[{\"@type\":\"SearchAction\",\"target\":{\"@type\":\"EntryPoint\",\"urlTemplate\":\"https:\\\/\\\/szmcsaladsegito.hu\\\/?s={search_term_string}\"},\"query-input\":{\"@type\":\"PropertyValueSpecification\",\"valueRequired\":true,\"valueName\":\"search_term_string\"}}],\"inLanguage\":\"hu\"}]}<\/script>\n<!-- \/ Yoast SEO plugin. -->","yoast_head_json":{"title":"T\u00e1j\u00e9koztat\u00e1s - Szigetszentmikl\u00f3s Csal\u00e1d- \u00e9s Gyermekj\u00f3l\u00e9ti K\u00f6zpont","description":"Tisztelt Szigetszentmikl\u00f3siak! T\u00e1j\u00e9koztatjuk \u00d6n\u00f6ket, hogy int\u00e9zm\u00e9ny\u00fcnk 2024.11.11-2024.11.13-ig z\u00e1rva tart. Meg\u00e9rt\u00e9s\u00fcket k\u00f6sz\u00f6nj\u00fck! Nyit\u00e1s: 2024.11.14-e.","robots":{"index":"index","follow":"follow","max-snippet":"max-snippet:-1","max-image-preview":"max-image-preview:large","max-video-preview":"max-video-preview:-1"},"canonical":"https:\/\/szmcsaladsegito.hu\/index.php\/tajekoztatas\/","og_locale":"hu_HU","og_type":"article","og_title":"T\u00e1j\u00e9koztat\u00e1s - Szigetszentmikl\u00f3s Csal\u00e1d- \u00e9s Gyermekj\u00f3l\u00e9ti K\u00f6zpont","og_description":"Tisztelt Szigetszentmikl\u00f3siak! T\u00e1j\u00e9koztatjuk \u00d6n\u00f6ket, hogy int\u00e9zm\u00e9ny\u00fcnk 2024.11.11-2024.11.13-ig z\u00e1rva tart. Meg\u00e9rt\u00e9s\u00fcket k\u00f6sz\u00f6nj\u00fck! Nyit\u00e1s: 2024.11.14-e.","og_url":"https:\/\/szmcsaladsegito.hu\/index.php\/tajekoztatas\/","og_site_name":"Szigetszentmikl\u00f3s Csal\u00e1d- \u00e9s Gyermekj\u00f3l\u00e9ti K\u00f6zpont","article_modified_time":"2024-11-08T13:06:33+00:00","twitter_card":"summary_large_image","twitter_misc":{"Becs\u00fclt olvas\u00e1si id\u0151":"1 perc"},"schema":{"@context":"https:\/\/schema.org","@graph":[{"@type":"WebPage","@id":"https:\/\/szmcsaladsegito.hu\/index.php\/tajekoztatas\/","url":"https:\/\/szmcsaladsegito.hu\/index.php\/tajekoztatas\/","name":"T\u00e1j\u00e9koztat\u00e1s - Szigetszentmikl\u00f3s Csal\u00e1d- \u00e9s Gyermekj\u00f3l\u00e9ti K\u00f6zpont","isPartOf":{"@id":"https:\/\/szmcsaladsegito.hu\/#website"},"datePublished":"2024-11-08T11:12:46+00:00","dateModified":"2024-11-08T13:06:33+00:00","description":"Tisztelt Szigetszentmikl\u00f3siak! T\u00e1j\u00e9koztatjuk \u00d6n\u00f6ket, hogy int\u00e9zm\u00e9ny\u00fcnk 2024.11.11-2024.11.13-ig z\u00e1rva tart. Meg\u00e9rt\u00e9s\u00fcket k\u00f6sz\u00f6nj\u00fck! Nyit\u00e1s: 2024.11.14-e.","breadcrumb":{"@id":"https:\/\/szmcsaladsegito.hu\/index.php\/tajekoztatas\/#breadcrumb"},"inLanguage":"hu","potentialAction":[{"@type":"ReadAction","target":["https:\/\/szmcsaladsegito.hu\/index.php\/tajekoztatas\/"]}]},{"@type":"BreadcrumbList","@id":"https:\/\/szmcsaladsegito.hu\/index.php\/tajekoztatas\/#breadcrumb","itemListElement":[{"@type":"ListItem","position":1,"name":"Kezd\u0151lap","item":"https:\/\/szmcsaladsegito.hu\/"},{"@type":"ListItem","position":2,"name":"T\u00e1j\u00e9koztat\u00e1s"}]},{"@type":"WebSite","@id":"https:\/\/szmcsaladsegito.hu\/#website","url":"https:\/\/szmcsaladsegito.hu\/","name":"Szigetszentmikl\u00f3s Csal\u00e1d- \u00e9s Gyermekj\u00f3l\u00e9ti K\u00f6zpont","description":"SZIGETSZENTMIKL\u00d3SI CSSK","potentialAction":[{"@type":"SearchAction","target":{"@type":"EntryPoint","urlTemplate":"https:\/\/szmcsaladsegito.hu\/?s={search_term_string}"},"query-input":{"@type":"PropertyValueSpecification","valueRequired":true,"valueName":"search_term_string"}}],"inLanguage":"hu"}]}},"jetpack_sharing_enabled":true,"_links":{"self":[{"href":"https:\/\/szmcsaladsegito.hu\/index.php\/wp-json\/wp\/v2\/pages\/142","targetHints":{"allow":["GET"]}}],"collection":[{"href":"https:\/\/szmcsaladsegito.hu\/index.php\/wp-json\/wp\/v2\/pages"}],"about":[{"href":"https:\/\/szmcsaladsegito.hu\/index.php\/wp-json\/wp\/v2\/types\/page"}],"author":[{"embeddable":true,"href":"https:\/\/szmcsaladsegito.hu\/index.php\/wp-json\/wp\/v2\/users\/2"}],"replies":[{"embeddable":true,"href":"https:\/\/szmcsaladsegito.hu\/index.php\/wp-json\/wp\/v2\/comments?post=142"}],"version-history":[{"count":3,"href":"https:\/\/szmcsaladsegito.hu\/index.php\/wp-json\/wp\/v2\/pages\/142\/revisions"}],"predecessor-version":[{"id":157,"href":"https:\/\/szmcsaladsegito.hu\/index.php\/wp-json\/wp\/v2\/pages\/142\/revisions\/157"}],"wp:attachment":[{"href":"https:\/\/szmcsaladsegito.hu\/index.php\/wp-json\/wp\/v2\/media?parent=142"}],"curies":[{"name":"wp","href":"https:\/\/api.w.org\/{rel}","templated":true}]}}