{"id":35,"date":"2023-10-02T11:47:16","date_gmt":"2023-10-02T11:47:16","guid":{"rendered":"https:\/\/szmcsaladsegito.hu\/?page_id=35"},"modified":"2026-01-02T23:02:45","modified_gmt":"2026-01-02T23:02:45","slug":"munkatarsak","status":"publish","type":"page","link":"https:\/\/szmcsaladsegito.hu\/index.php\/munkatarsak\/","title":{"rendered":"Munkat\u00e1rsak"},"content":{"rendered":"\n<p class=\"has-black-color has-white-background-color has-text-color has-background has-link-color has-small-font-size wp-elements-87efa10d89f5808f94eb8b3060158d4b\"><strong>BAL\u00c1ZS ANNA, BARNA ESZTER, B\u00c1RTFAIN\u00c9 KUNHEGYI BARBARA, BARTOS KATALIN, BEL\u00c1K FILOM\u00c9NA, BELLAI-R\u00c9P\u00c1SSY KINGA, BESZTERCZ\u00c1N-HAJDU OL\u00cdVIA, BORSOS MARIANN, BORS\u00d3S ERIKA, BUZSIKN\u00c9 BERT\u00d3K ILDIK\u00d3 ERZS\u00c9BET, CSATA LILLA, CSEKE RITA, D\u00d3SAI ERZS\u00c9BET, DUPSKY ANDREA, FARKAS ESZTER, GRIECS-K\u00c1MAN ALEXANDRA,\u00a0GULY\u00c1S ANNA, GYIM\u00d3THYN\u00c9 KINCSES MARIETTA, HEGED\u00dcS MELINDA, HIRJ\u00c1K N\u00d3RA, ILL\u00c9S ANIK\u00d3, JANKOVICS \u00c1GNES IR\u00c9N, J\u00c1NOS ERZS\u00c9BET, J\u00d3KUTI JUDIT, JUH\u00c1SZ BARBARA, KEREKES L\u00c1SZL\u00d3, KISS KINGA ZITA, KISSN\u00c9 BARNA ESZTER, KOSIK KITTI, K\u00d3R\u00d3CZKY-ANDRICS\u00c1K BE\u00c1TA, KOV\u00c1CSN\u00c9 FODOR M\u00c1RIA, KURUCZN\u00c9 NAGY ILONA EDINA, L\u00c1SZL\u00d3N\u00c9 MOLN\u00c1R BIANKA, MOLN\u00c1R ILDIK\u00d3, MOLN\u00c1R T\u00dcNDE, NAGY-FORR\u00c1S RITA, NAGY-KOV\u00c1CS DOROTTYA, NAGY-V\u00c9GV\u00c1RI EMESE, PAJKOS ERIKA, P\u00c1L ERIKA M\u00c1RIA, PANYI ENIK\u0150, PAPP ZS\u00d3FIA KATALIN, PLATNER D\u00d3RA \u00c9VA, PLAUSIN J\u00c1NOSN\u00c9, PRINCZ BE\u00c1TA, P\u00d3TH VIKT\u00d3RIA, S\u00c1NDOR HAJNALKA ERZS\u00c9BET, SCHALK GABRIELLA, SOMLYAI ORSOLYA KATALIN, SZAB\u00d3 MAGDOLNA, TAK\u00c1CS ERIKA, TORMA-POL\u00c1NYI ILDIK\u00d3, T\u00d3TH ENIK\u0150, T\u00d6R\u0150CSIK NIKOLETTA, T\u00d6R\u00d6K IR\u00c9N ROZ\u00c1LIA, VEZ\u00c9RN\u00c9 WIMMER M\u00d3NIKA, VIGHN\u00c9 GULYA EDIT ALEXANDRA.<\/strong><\/p>\n\n\n\n<p><\/p>\n","protected":false},"excerpt":{"rendered":"<p>BAL\u00c1ZS ANNA, BARNA ESZTER, B\u00c1RTFAIN\u00c9 KUNHEGYI BARBARA, BARTOS KATALIN, BEL\u00c1K FILOM\u00c9NA, BELLAI-R\u00c9P\u00c1SSY KINGA, BESZTERCZ\u00c1N-HAJDU OL\u00cdVIA, BORSOS MARIANN, BORS\u00d3S ERIKA, BUZSIKN\u00c9 BERT\u00d3K ILDIK\u00d3 ERZS\u00c9BET, CSATA LILLA, CSEKE RITA, D\u00d3SAI ERZS\u00c9BET, DUPSKY ANDREA, FARKAS ESZTER, GRIECS-K\u00c1MAN ALEXANDRA,\u00a0GULY\u00c1S ANNA, GYIM\u00d3THYN\u00c9 KINCSES MARIETTA, HEGED\u00dcS MELINDA, HIRJ\u00c1K N\u00d3RA, ILL\u00c9S ANIK\u00d3, JANKOVICS \u00c1GNES IR\u00c9N, J\u00c1NOS ERZS\u00c9BET, J\u00d3KUTI JUDIT, JUH\u00c1SZ BARBARA, KEREKES L\u00c1SZL\u00d3, KISS KINGA ZITA, KISSN\u00c9 BARNA ESZTER, KOSIK KITTI, K\u00d3R\u00d3CZKY-ANDRICS\u00c1K BE\u00c1TA, KOV\u00c1CSN\u00c9 FODOR M\u00c1RIA, KURUCZN\u00c9 NAGY ILONA EDINA, L\u00c1SZL\u00d3N\u00c9 MOLN\u00c1R BIANKA, MOLN\u00c1R ILDIK\u00d3, MOLN\u00c1R T\u00dcNDE, &hellip; <a href=\"https:\/\/szmcsaladsegito.hu\/index.php\/munkatarsak\/\" class=\"more-link\">Continue reading<span class=\"screen-reader-text\"> &#8222;Munkat\u00e1rsak&#8221;<\/span><\/a><\/p>\n","protected":false},"author":2,"featured_media":0,"parent":0,"menu_order":0,"comment_status":"closed","ping_status":"closed","template":"","meta":{"footnotes":""},"class_list":["post-35","page","type-page","status-publish","hentry"],"yoast_head":"<!-- This site is optimized with the Yoast SEO plugin v27.5 - https:\/\/yoast.com\/product\/yoast-seo-wordpress\/ -->\n<title>Munkat\u00e1rsak - Szigetszentmikl\u00f3s Csal\u00e1d- \u00e9s Gyermekj\u00f3l\u00e9ti K\u00f6zpont<\/title>\n<meta name=\"robots\" content=\"index, follow, max-snippet:-1, max-image-preview:large, max-video-preview:-1\" \/>\n<link rel=\"canonical\" href=\"https:\/\/szmcsaladsegito.hu\/index.php\/munkatarsak\/\" \/>\n<meta property=\"og:locale\" content=\"hu_HU\" \/>\n<meta property=\"og:type\" content=\"article\" \/>\n<meta property=\"og:title\" content=\"Munkat\u00e1rsak - Szigetszentmikl\u00f3s Csal\u00e1d- \u00e9s Gyermekj\u00f3l\u00e9ti K\u00f6zpont\" \/>\n<meta property=\"og:description\" content=\"BAL\u00c1ZS ANNA, BARNA ESZTER, B\u00c1RTFAIN\u00c9 KUNHEGYI BARBARA, BARTOS KATALIN, BEL\u00c1K FILOM\u00c9NA, BELLAI-R\u00c9P\u00c1SSY KINGA, BESZTERCZ\u00c1N-HAJDU OL\u00cdVIA, BORSOS MARIANN, BORS\u00d3S ERIKA, BUZSIKN\u00c9 BERT\u00d3K ILDIK\u00d3 ERZS\u00c9BET, CSATA LILLA, CSEKE RITA, D\u00d3SAI ERZS\u00c9BET, DUPSKY ANDREA, FARKAS ESZTER, GRIECS-K\u00c1MAN ALEXANDRA,\u00a0GULY\u00c1S ANNA, GYIM\u00d3THYN\u00c9 KINCSES MARIETTA, HEGED\u00dcS MELINDA, HIRJ\u00c1K N\u00d3RA, ILL\u00c9S ANIK\u00d3, JANKOVICS \u00c1GNES IR\u00c9N, J\u00c1NOS ERZS\u00c9BET, J\u00d3KUTI JUDIT, JUH\u00c1SZ BARBARA, KEREKES L\u00c1SZL\u00d3, KISS KINGA ZITA, KISSN\u00c9 BARNA ESZTER, KOSIK KITTI, K\u00d3R\u00d3CZKY-ANDRICS\u00c1K BE\u00c1TA, KOV\u00c1CSN\u00c9 FODOR M\u00c1RIA, KURUCZN\u00c9 NAGY ILONA EDINA, L\u00c1SZL\u00d3N\u00c9 MOLN\u00c1R BIANKA, MOLN\u00c1R ILDIK\u00d3, MOLN\u00c1R T\u00dcNDE, &hellip; Continue reading &quot;Munkat\u00e1rsak&quot;\" \/>\n<meta property=\"og:url\" content=\"https:\/\/szmcsaladsegito.hu\/index.php\/munkatarsak\/\" \/>\n<meta property=\"og:site_name\" content=\"Szigetszentmikl\u00f3s Csal\u00e1d- \u00e9s Gyermekj\u00f3l\u00e9ti K\u00f6zpont\" \/>\n<meta property=\"article:modified_time\" content=\"2026-01-02T23:02:45+00:00\" \/>\n<meta name=\"twitter:card\" content=\"summary_large_image\" \/>\n<meta name=\"twitter:label1\" content=\"Becs\u00fclt olvas\u00e1si id\u0151\" \/>\n\t<meta name=\"twitter:data1\" content=\"1 perc\" \/>\n<script type=\"application\/ld+json\" class=\"yoast-schema-graph\">{\"@context\":\"https:\\\/\\\/schema.org\",\"@graph\":[{\"@type\":\"WebPage\",\"@id\":\"https:\\\/\\\/szmcsaladsegito.hu\\\/index.php\\\/munkatarsak\\\/\",\"url\":\"https:\\\/\\\/szmcsaladsegito.hu\\\/index.php\\\/munkatarsak\\\/\",\"name\":\"Munkat\u00e1rsak - Szigetszentmikl\u00f3s Csal\u00e1d- \u00e9s Gyermekj\u00f3l\u00e9ti K\u00f6zpont\",\"isPartOf\":{\"@id\":\"https:\\\/\\\/szmcsaladsegito.hu\\\/#website\"},\"datePublished\":\"2023-10-02T11:47:16+00:00\",\"dateModified\":\"2026-01-02T23:02:45+00:00\",\"breadcrumb\":{\"@id\":\"https:\\\/\\\/szmcsaladsegito.hu\\\/index.php\\\/munkatarsak\\\/#breadcrumb\"},\"inLanguage\":\"hu\",\"potentialAction\":[{\"@type\":\"ReadAction\",\"target\":[\"https:\\\/\\\/szmcsaladsegito.hu\\\/index.php\\\/munkatarsak\\\/\"]}]},{\"@type\":\"BreadcrumbList\",\"@id\":\"https:\\\/\\\/szmcsaladsegito.hu\\\/index.php\\\/munkatarsak\\\/#breadcrumb\",\"itemListElement\":[{\"@type\":\"ListItem\",\"position\":1,\"name\":\"Kezd\u0151lap\",\"item\":\"https:\\\/\\\/szmcsaladsegito.hu\\\/\"},{\"@type\":\"ListItem\",\"position\":2,\"name\":\"Munkat\u00e1rsak\"}]},{\"@type\":\"WebSite\",\"@id\":\"https:\\\/\\\/szmcsaladsegito.hu\\\/#website\",\"url\":\"https:\\\/\\\/szmcsaladsegito.hu\\\/\",\"name\":\"Szigetszentmikl\u00f3s Csal\u00e1d- \u00e9s Gyermekj\u00f3l\u00e9ti K\u00f6zpont\",\"description\":\"SZIGETSZENTMIKL\u00d3SI CSSK\",\"potentialAction\":[{\"@type\":\"SearchAction\",\"target\":{\"@type\":\"EntryPoint\",\"urlTemplate\":\"https:\\\/\\\/szmcsaladsegito.hu\\\/?s={search_term_string}\"},\"query-input\":{\"@type\":\"PropertyValueSpecification\",\"valueRequired\":true,\"valueName\":\"search_term_string\"}}],\"inLanguage\":\"hu\"}]}<\/script>\n<!-- \/ Yoast SEO plugin. -->","yoast_head_json":{"title":"Munkat\u00e1rsak - Szigetszentmikl\u00f3s Csal\u00e1d- \u00e9s Gyermekj\u00f3l\u00e9ti K\u00f6zpont","robots":{"index":"index","follow":"follow","max-snippet":"max-snippet:-1","max-image-preview":"max-image-preview:large","max-video-preview":"max-video-preview:-1"},"canonical":"https:\/\/szmcsaladsegito.hu\/index.php\/munkatarsak\/","og_locale":"hu_HU","og_type":"article","og_title":"Munkat\u00e1rsak - Szigetszentmikl\u00f3s Csal\u00e1d- \u00e9s Gyermekj\u00f3l\u00e9ti K\u00f6zpont","og_description":"BAL\u00c1ZS ANNA, BARNA ESZTER, B\u00c1RTFAIN\u00c9 KUNHEGYI BARBARA, BARTOS KATALIN, BEL\u00c1K FILOM\u00c9NA, BELLAI-R\u00c9P\u00c1SSY KINGA, BESZTERCZ\u00c1N-HAJDU OL\u00cdVIA, BORSOS MARIANN, BORS\u00d3S ERIKA, BUZSIKN\u00c9 BERT\u00d3K ILDIK\u00d3 ERZS\u00c9BET, CSATA LILLA, CSEKE RITA, D\u00d3SAI ERZS\u00c9BET, DUPSKY ANDREA, FARKAS ESZTER, GRIECS-K\u00c1MAN ALEXANDRA,\u00a0GULY\u00c1S ANNA, GYIM\u00d3THYN\u00c9 KINCSES MARIETTA, HEGED\u00dcS MELINDA, HIRJ\u00c1K N\u00d3RA, ILL\u00c9S ANIK\u00d3, JANKOVICS \u00c1GNES IR\u00c9N, J\u00c1NOS ERZS\u00c9BET, J\u00d3KUTI JUDIT, JUH\u00c1SZ BARBARA, KEREKES L\u00c1SZL\u00d3, KISS KINGA ZITA, KISSN\u00c9 BARNA ESZTER, KOSIK KITTI, K\u00d3R\u00d3CZKY-ANDRICS\u00c1K BE\u00c1TA, KOV\u00c1CSN\u00c9 FODOR M\u00c1RIA, KURUCZN\u00c9 NAGY ILONA EDINA, L\u00c1SZL\u00d3N\u00c9 MOLN\u00c1R BIANKA, MOLN\u00c1R ILDIK\u00d3, MOLN\u00c1R T\u00dcNDE, &hellip; Continue reading \"Munkat\u00e1rsak\"","og_url":"https:\/\/szmcsaladsegito.hu\/index.php\/munkatarsak\/","og_site_name":"Szigetszentmikl\u00f3s Csal\u00e1d- \u00e9s Gyermekj\u00f3l\u00e9ti K\u00f6zpont","article_modified_time":"2026-01-02T23:02:45+00:00","twitter_card":"summary_large_image","twitter_misc":{"Becs\u00fclt olvas\u00e1si id\u0151":"1 perc"},"schema":{"@context":"https:\/\/schema.org","@graph":[{"@type":"WebPage","@id":"https:\/\/szmcsaladsegito.hu\/index.php\/munkatarsak\/","url":"https:\/\/szmcsaladsegito.hu\/index.php\/munkatarsak\/","name":"Munkat\u00e1rsak - Szigetszentmikl\u00f3s Csal\u00e1d- \u00e9s Gyermekj\u00f3l\u00e9ti K\u00f6zpont","isPartOf":{"@id":"https:\/\/szmcsaladsegito.hu\/#website"},"datePublished":"2023-10-02T11:47:16+00:00","dateModified":"2026-01-02T23:02:45+00:00","breadcrumb":{"@id":"https:\/\/szmcsaladsegito.hu\/index.php\/munkatarsak\/#breadcrumb"},"inLanguage":"hu","potentialAction":[{"@type":"ReadAction","target":["https:\/\/szmcsaladsegito.hu\/index.php\/munkatarsak\/"]}]},{"@type":"BreadcrumbList","@id":"https:\/\/szmcsaladsegito.hu\/index.php\/munkatarsak\/#breadcrumb","itemListElement":[{"@type":"ListItem","position":1,"name":"Kezd\u0151lap","item":"https:\/\/szmcsaladsegito.hu\/"},{"@type":"ListItem","position":2,"name":"Munkat\u00e1rsak"}]},{"@type":"WebSite","@id":"https:\/\/szmcsaladsegito.hu\/#website","url":"https:\/\/szmcsaladsegito.hu\/","name":"Szigetszentmikl\u00f3s Csal\u00e1d- \u00e9s Gyermekj\u00f3l\u00e9ti K\u00f6zpont","description":"SZIGETSZENTMIKL\u00d3SI CSSK","potentialAction":[{"@type":"SearchAction","target":{"@type":"EntryPoint","urlTemplate":"https:\/\/szmcsaladsegito.hu\/?s={search_term_string}"},"query-input":{"@type":"PropertyValueSpecification","valueRequired":true,"valueName":"search_term_string"}}],"inLanguage":"hu"}]}},"jetpack_sharing_enabled":true,"_links":{"self":[{"href":"https:\/\/szmcsaladsegito.hu\/index.php\/wp-json\/wp\/v2\/pages\/35","targetHints":{"allow":["GET"]}}],"collection":[{"href":"https:\/\/szmcsaladsegito.hu\/index.php\/wp-json\/wp\/v2\/pages"}],"about":[{"href":"https:\/\/szmcsaladsegito.hu\/index.php\/wp-json\/wp\/v2\/types\/page"}],"author":[{"embeddable":true,"href":"https:\/\/szmcsaladsegito.hu\/index.php\/wp-json\/wp\/v2\/users\/2"}],"replies":[{"embeddable":true,"href":"https:\/\/szmcsaladsegito.hu\/index.php\/wp-json\/wp\/v2\/comments?post=35"}],"version-history":[{"count":18,"href":"https:\/\/szmcsaladsegito.hu\/index.php\/wp-json\/wp\/v2\/pages\/35\/revisions"}],"predecessor-version":[{"id":207,"href":"https:\/\/szmcsaladsegito.hu\/index.php\/wp-json\/wp\/v2\/pages\/35\/revisions\/207"}],"wp:attachment":[{"href":"https:\/\/szmcsaladsegito.hu\/index.php\/wp-json\/wp\/v2\/media?parent=35"}],"curies":[{"name":"wp","href":"https:\/\/api.w.org\/{rel}","templated":true}]}}